{"id":11522,"date":"2022-11-07T14:38:48","date_gmt":"2022-11-07T13:38:48","guid":{"rendered":"https:\/\/solodue.at\/einkaufswagen\/"},"modified":"2024-04-18T11:10:47","modified_gmt":"2024-04-18T09:10:47","slug":"einkaufswagen","status":"publish","type":"page","link":"https:\/\/solodue.at\/it\/einkaufswagen\/","title":{"rendered":"Einkaufswagen"},"content":{"rendered":"\n","protected":false},"excerpt":{"rendered":"","protected":false},"author":227932746,"featured_media":0,"parent":0,"menu_order":0,"comment_status":"closed","ping_status":"closed","template":"","meta":{"_monsterinsights_skip_tracking":false,"_monsterinsights_sitenote_active":false,"_monsterinsights_sitenote_note":"","_monsterinsights_sitenote_category":0,"footnotes":""},"class_list":["post-11522","page","type-page","status-publish","hentry"],"yoast_head":"<!-- This site is optimized with the Yoast SEO plugin v27.5 - https:\/\/yoast.com\/product\/yoast-seo-wordpress\/ -->\n<title>Einkaufswagen - soloDUE<\/title>\n<meta name=\"robots\" content=\"index, follow, max-snippet:-1, max-image-preview:large, max-video-preview:-1\" \/>\n<link rel=\"canonical\" href=\"https:\/\/solodue.at\/warenkorb\/\" \/>\n<meta property=\"og:locale\" content=\"it_IT\" \/>\n<meta property=\"og:type\" content=\"article\" \/>\n<meta property=\"og:title\" content=\"Einkaufswagen - soloDUE\" \/>\n<meta property=\"og:url\" content=\"https:\/\/solodue.at\/warenkorb\/\" \/>\n<meta property=\"og:site_name\" content=\"soloDUE\" \/>\n<meta property=\"article:modified_time\" content=\"2024-04-18T09:10:47+00:00\" \/>\n<meta name=\"twitter:card\" content=\"summary_large_image\" \/>\n<script type=\"application\/ld+json\" class=\"yoast-schema-graph\">{\"@context\":\"https:\\\/\\\/schema.org\",\"@graph\":[{\"@type\":\"WebPage\",\"@id\":\"https:\\\/\\\/solodue.at\\\/warenkorb\\\/\",\"url\":\"https:\\\/\\\/solodue.at\\\/warenkorb\\\/\",\"name\":\"Einkaufswagen - soloDUE\",\"isPartOf\":{\"@id\":\"https:\\\/\\\/solodue.at\\\/#website\"},\"datePublished\":\"2022-11-07T13:38:48+00:00\",\"dateModified\":\"2024-04-18T09:10:47+00:00\",\"breadcrumb\":{\"@id\":\"https:\\\/\\\/solodue.at\\\/warenkorb\\\/#breadcrumb\"},\"inLanguage\":\"it-IT\",\"potentialAction\":[{\"@type\":\"ReadAction\",\"target\":[\"https:\\\/\\\/solodue.at\\\/warenkorb\\\/\"]}]},{\"@type\":\"BreadcrumbList\",\"@id\":\"https:\\\/\\\/solodue.at\\\/warenkorb\\\/#breadcrumb\",\"itemListElement\":[{\"@type\":\"ListItem\",\"position\":1,\"name\":\"Home\",\"item\":\"https:\\\/\\\/solodue.at\\\/it\\\/\"},{\"@type\":\"ListItem\",\"position\":2,\"name\":\"Einkaufswagen\"}]},{\"@type\":\"WebSite\",\"@id\":\"https:\\\/\\\/solodue.at\\\/#website\",\"url\":\"https:\\\/\\\/solodue.at\\\/\",\"name\":\"soloDUE\",\"description\":\"stile e emozione!\",\"publisher\":{\"@id\":\"https:\\\/\\\/solodue.at\\\/#organization\"},\"potentialAction\":[{\"@type\":\"SearchAction\",\"target\":{\"@type\":\"EntryPoint\",\"urlTemplate\":\"https:\\\/\\\/solodue.at\\\/?s={search_term_string}\"},\"query-input\":{\"@type\":\"PropertyValueSpecification\",\"valueRequired\":true,\"valueName\":\"search_term_string\"}}],\"inLanguage\":\"it-IT\"},{\"@type\":\"Organization\",\"@id\":\"https:\\\/\\\/solodue.at\\\/#organization\",\"name\":\"soloDUE design\",\"url\":\"https:\\\/\\\/solodue.at\\\/\",\"logo\":{\"@type\":\"ImageObject\",\"inLanguage\":\"it-IT\",\"@id\":\"https:\\\/\\\/solodue.at\\\/#\\\/schema\\\/logo\\\/image\\\/\",\"url\":\"https:\\\/\\\/solodue.at\\\/wp-content\\\/uploads\\\/2023\\\/04\\\/Cubo1b_HG_wide_fullHD_ital.jpg\",\"contentUrl\":\"https:\\\/\\\/solodue.at\\\/wp-content\\\/uploads\\\/2023\\\/04\\\/Cubo1b_HG_wide_fullHD_ital.jpg\",\"width\":1920,\"height\":1080,\"caption\":\"soloDUE design\"},\"image\":{\"@id\":\"https:\\\/\\\/solodue.at\\\/#\\\/schema\\\/logo\\\/image\\\/\"},\"sameAs\":[\"https:\\\/\\\/www.instagram.com\\\/soloduedesign\"]}]}<\/script>\n<!-- \/ Yoast SEO plugin. -->","yoast_head_json":{"title":"Einkaufswagen - soloDUE","robots":{"index":"index","follow":"follow","max-snippet":"max-snippet:-1","max-image-preview":"max-image-preview:large","max-video-preview":"max-video-preview:-1"},"canonical":"https:\/\/solodue.at\/warenkorb\/","og_locale":"it_IT","og_type":"article","og_title":"Einkaufswagen - soloDUE","og_url":"https:\/\/solodue.at\/warenkorb\/","og_site_name":"soloDUE","article_modified_time":"2024-04-18T09:10:47+00:00","twitter_card":"summary_large_image","schema":{"@context":"https:\/\/schema.org","@graph":[{"@type":"WebPage","@id":"https:\/\/solodue.at\/warenkorb\/","url":"https:\/\/solodue.at\/warenkorb\/","name":"Einkaufswagen - soloDUE","isPartOf":{"@id":"https:\/\/solodue.at\/#website"},"datePublished":"2022-11-07T13:38:48+00:00","dateModified":"2024-04-18T09:10:47+00:00","breadcrumb":{"@id":"https:\/\/solodue.at\/warenkorb\/#breadcrumb"},"inLanguage":"it-IT","potentialAction":[{"@type":"ReadAction","target":["https:\/\/solodue.at\/warenkorb\/"]}]},{"@type":"BreadcrumbList","@id":"https:\/\/solodue.at\/warenkorb\/#breadcrumb","itemListElement":[{"@type":"ListItem","position":1,"name":"Home","item":"https:\/\/solodue.at\/it\/"},{"@type":"ListItem","position":2,"name":"Einkaufswagen"}]},{"@type":"WebSite","@id":"https:\/\/solodue.at\/#website","url":"https:\/\/solodue.at\/","name":"soloDUE","description":"stile e emozione!","publisher":{"@id":"https:\/\/solodue.at\/#organization"},"potentialAction":[{"@type":"SearchAction","target":{"@type":"EntryPoint","urlTemplate":"https:\/\/solodue.at\/?s={search_term_string}"},"query-input":{"@type":"PropertyValueSpecification","valueRequired":true,"valueName":"search_term_string"}}],"inLanguage":"it-IT"},{"@type":"Organization","@id":"https:\/\/solodue.at\/#organization","name":"soloDUE design","url":"https:\/\/solodue.at\/","logo":{"@type":"ImageObject","inLanguage":"it-IT","@id":"https:\/\/solodue.at\/#\/schema\/logo\/image\/","url":"https:\/\/solodue.at\/wp-content\/uploads\/2023\/04\/Cubo1b_HG_wide_fullHD_ital.jpg","contentUrl":"https:\/\/solodue.at\/wp-content\/uploads\/2023\/04\/Cubo1b_HG_wide_fullHD_ital.jpg","width":1920,"height":1080,"caption":"soloDUE design"},"image":{"@id":"https:\/\/solodue.at\/#\/schema\/logo\/image\/"},"sameAs":["https:\/\/www.instagram.com\/soloduedesign"]}]}},"jetpack_likes_enabled":true,"jetpack_sharing_enabled":true,"jetpack_shortlink":"https:\/\/wp.me\/Pemc3V-2ZQ","jetpack-related-posts":[{"id":5090,"url":"https:\/\/solodue.at\/beispielprojekte\/","url_meta":{"origin":11522,"position":0},"title":"Alle Beispielprojekte","author":"soloduedesign","date":"10 Gennaio 2023","format":false,"excerpt":"aktuelle beispielprojekte Suzuki Schweiz 2021 sondermodell 01 Piz Sulai MINI Schweiz 2019 sondermodell 02 Brighton Limited Mitsubishi \u00d6sterreich 2020 sondermodell 03 Hubertus Edition Mercedes-Benz \u00d6sterreich 2022 customer experience, lederanfertigung 04 Display Cleaner Set MG Motor \u00d6sterreich 2021 konzept, point of sale 05 Showroom Konzept Mercedes-Benz \u00d6sterreich 2022 customer experience, konzept,\u2026","rel":"","context":"Articolo simile","block_context":{"text":"Articolo simile","link":""},"img":{"alt_text":"Suzuki Piz Sulai Schriftzug","src":"https:\/\/i0.wp.com\/solodue.at\/wp-content\/uploads\/2022\/11\/PiSuali_Thumbnail_neu.jpg?resize=350%2C200&ssl=1","width":350,"height":200,"srcset":"https:\/\/i0.wp.com\/solodue.at\/wp-content\/uploads\/2022\/11\/PiSuali_Thumbnail_neu.jpg?resize=350%2C200&ssl=1 1x, https:\/\/i0.wp.com\/solodue.at\/wp-content\/uploads\/2022\/11\/PiSuali_Thumbnail_neu.jpg?resize=525%2C300&ssl=1 1.5x, https:\/\/i0.wp.com\/solodue.at\/wp-content\/uploads\/2022\/11\/PiSuali_Thumbnail_neu.jpg?resize=700%2C400&ssl=1 2x"},"classes":[]},{"id":7235,"url":"https:\/\/solodue.at\/echtlederfertigungen\/","url_meta":{"origin":11522,"position":1},"title":"echtlederfertigungen","author":"soloduedesign","date":"12 Aprile 2023","format":false,"excerpt":"echtlederfertigungen Hochwertiges Leder, verarbeitet zu 100% in italienischer Handarbeit, ist die Basis f\u00fcr viele unserer stilvollen Produkte. zur\u00fcck https:\/\/videos.files.wordpress.com\/hhuUznBi\/leder_herovideo.mp4Wir bei soloDUE lassen uns immer wieder aufs Neue zur Gestaltung von Accessoires und Ausstattungen inspirieren, die nachhaltig gro\u00dfe Freude bereiten. Die Vielfalt der Umsetzungsm\u00f6glichkeiten - als elegantes Fahrzeuginterieur, als hochwertiges Accessoire\u2026","rel":"","context":"Articolo simile","block_context":{"text":"Articolo simile","link":""},"img":{"alt_text":"Passformreisegep\u00e4ck von soloDUE","src":"https:\/\/i0.wp.com\/solodue.at\/wp-content\/uploads\/2023\/08\/soloDUE_Leder_2.jpeg?resize=350%2C200&ssl=1","width":350,"height":200,"srcset":"https:\/\/i0.wp.com\/solodue.at\/wp-content\/uploads\/2023\/08\/soloDUE_Leder_2.jpeg?resize=350%2C200&ssl=1 1x, https:\/\/i0.wp.com\/solodue.at\/wp-content\/uploads\/2023\/08\/soloDUE_Leder_2.jpeg?resize=525%2C300&ssl=1 1.5x, https:\/\/i0.wp.com\/solodue.at\/wp-content\/uploads\/2023\/08\/soloDUE_Leder_2.jpeg?resize=700%2C400&ssl=1 2x"},"classes":[]},{"id":4237,"url":"https:\/\/solodue.at\/customer-experience\/","url_meta":{"origin":11522,"position":2},"title":"customer experience","author":"soloduedesign","date":"15 Novembre 2022","format":false,"excerpt":"customer experience Das Erreichen von Kundenzufriedenheit durch die Gestaltung von besonderen Momenten entlang der Customer Journey, die dem Kunden unvergesslich in Erinnerung bleiben. zur\u00fcck Wir bei soloDUE interpretieren Customer Experience als einzigartige Erlebnisse entlang der Customer Journey. Gemeinsam mit Ihrer Pers\u00f6nlichkeit und der Kreativit\u00e4t Ihrer Marke kreieren wir f\u00fcr Sie\u2026","rel":"","context":"Articolo simile","block_context":{"text":"Articolo simile","link":""},"img":{"alt_text":"soloDUE B\u00fcrok\u00fcche mit Kaffeemaschine","src":"https:\/\/i0.wp.com\/solodue.at\/wp-content\/uploads\/2023\/08\/Hero_web-1024x440.jpg?resize=350%2C200&ssl=1","width":350,"height":200,"srcset":"https:\/\/i0.wp.com\/solodue.at\/wp-content\/uploads\/2023\/08\/Hero_web-1024x440.jpg?resize=350%2C200&ssl=1 1x, https:\/\/i0.wp.com\/solodue.at\/wp-content\/uploads\/2023\/08\/Hero_web-1024x440.jpg?resize=525%2C300&ssl=1 1.5x, https:\/\/i0.wp.com\/solodue.at\/wp-content\/uploads\/2023\/08\/Hero_web-1024x440.jpg?resize=700%2C400&ssl=1 2x"},"classes":[]},{"id":9099,"url":"https:\/\/solodue.at\/en\/leather-manufactures\/","url_meta":{"origin":11522,"position":3},"title":"leather manufactures","author":"soloduedesign","date":"12 Aprile 2023","format":false,"excerpt":"leather manufactures High quality leather, processed 100% by Italian craftsmanship, is the basis for many of our stylish products. back https:\/\/videos.files.wordpress.com\/hhuUznBi\/leder_herovideo.mp4At soloDUE, we are always inspired to design accessories that bring long lasting pleasure. The variety of implementation possibilities - as an elegant vehicle interior, as a high-quality accessory or\u2026","rel":"","context":"Articolo simile","block_context":{"text":"Articolo simile","link":""},"img":{"alt_text":"Passformreisegep\u00e4ck von soloDUE","src":"https:\/\/i0.wp.com\/solodue.at\/wp-content\/uploads\/2023\/08\/soloDUE_Leder_2.jpeg?resize=350%2C200&ssl=1","width":350,"height":200,"srcset":"https:\/\/i0.wp.com\/solodue.at\/wp-content\/uploads\/2023\/08\/soloDUE_Leder_2.jpeg?resize=350%2C200&ssl=1 1x, https:\/\/i0.wp.com\/solodue.at\/wp-content\/uploads\/2023\/08\/soloDUE_Leder_2.jpeg?resize=525%2C300&ssl=1 1.5x, https:\/\/i0.wp.com\/solodue.at\/wp-content\/uploads\/2023\/08\/soloDUE_Leder_2.jpeg?resize=700%2C400&ssl=1 2x"},"classes":[]},{"id":4667,"url":"https:\/\/solodue.at\/pos-konzepte\/","url_meta":{"origin":11522,"position":4},"title":"pos &#038; konzepte","author":"soloduedesign","date":"30 Novembre 2022","format":false,"excerpt":"pos & konzepte zur\u00fcck Der Verkaufserfolg jedes Produkts wird von zahlreichen Faktoren beeinflusst.\u00a0Wir sind uns dessen sehr bewusst und arbeiten daher mit viel Feingef\u00fchl und Marktorientierung unsere Konzepte aus. Unser weitreichender Umfang an Produktionsm\u00f6glichkeiten rund um den Point of Sale, der vom Promotiondekor\/Vorf\u00fchrwagendekor, Showplates, Display, Roll up, Fahnen, Banner, Deckenh\u00e4nger,\u2026","rel":"","context":"Articolo simile","block_context":{"text":"Articolo simile","link":""},"img":{"alt_text":"Alfa Romeo 2000 GTV am Point of Sale","src":"https:\/\/i0.wp.com\/solodue.at\/wp-content\/uploads\/2023\/08\/Hero_Web-1024x440.jpg?resize=350%2C200&ssl=1","width":350,"height":200,"srcset":"https:\/\/i0.wp.com\/solodue.at\/wp-content\/uploads\/2023\/08\/Hero_Web-1024x440.jpg?resize=350%2C200&ssl=1 1x, https:\/\/i0.wp.com\/solodue.at\/wp-content\/uploads\/2023\/08\/Hero_Web-1024x440.jpg?resize=525%2C300&ssl=1 1.5x, https:\/\/i0.wp.com\/solodue.at\/wp-content\/uploads\/2023\/08\/Hero_Web-1024x440.jpg?resize=700%2C400&ssl=1 2x"},"classes":[]},{"id":9714,"url":"https:\/\/solodue.at\/it\/fabbricazioni-di-pelle\/","url_meta":{"origin":11522,"position":5},"title":"fabbricazioni di pelle","author":"soloduedesign","date":"12 Aprile 2023","format":false,"excerpt":"fabbricazioni di pelle La pelle di alta qualit\u00e0, lavorata a mano al 100% in Italia, \u00e8 la base di molti dei nostri prodotti alla moda. indietro https:\/\/videos.files.wordpress.com\/hhuUznBi\/leder_herovideo.mp4Noi di soloDUE siamo costantemente ispirati a creare accessori e complementi d'arredo che diano un piacere duraturo. La variet\u00e0 di possibilit\u00e0 di implementazione -\u2026","rel":"","context":"Articolo simile","block_context":{"text":"Articolo simile","link":""},"img":{"alt_text":"Ledersitze von soloDUE","src":"https:\/\/i0.wp.com\/solodue.at\/wp-content\/uploads\/2023\/08\/0069.jpeg?resize=350%2C200&ssl=1","width":350,"height":200,"srcset":"https:\/\/i0.wp.com\/solodue.at\/wp-content\/uploads\/2023\/08\/0069.jpeg?resize=350%2C200&ssl=1 1x, https:\/\/i0.wp.com\/solodue.at\/wp-content\/uploads\/2023\/08\/0069.jpeg?resize=525%2C300&ssl=1 1.5x, https:\/\/i0.wp.com\/solodue.at\/wp-content\/uploads\/2023\/08\/0069.jpeg?resize=700%2C400&ssl=1 2x"},"classes":[]}],"_links":{"self":[{"href":"https:\/\/solodue.at\/it\/wp-json\/wp\/v2\/pages\/11522","targetHints":{"allow":["GET"]}}],"collection":[{"href":"https:\/\/solodue.at\/it\/wp-json\/wp\/v2\/pages"}],"about":[{"href":"https:\/\/solodue.at\/it\/wp-json\/wp\/v2\/types\/page"}],"author":[{"embeddable":true,"href":"https:\/\/solodue.at\/it\/wp-json\/wp\/v2\/users\/227932746"}],"replies":[{"embeddable":true,"href":"https:\/\/solodue.at\/it\/wp-json\/wp\/v2\/comments?post=11522"}],"version-history":[{"count":0,"href":"https:\/\/solodue.at\/it\/wp-json\/wp\/v2\/pages\/11522\/revisions"}],"wp:attachment":[{"href":"https:\/\/solodue.at\/it\/wp-json\/wp\/v2\/media?parent=11522"}],"curies":[{"name":"wp","href":"https:\/\/api.w.org\/{rel}","templated":true}]}}